{"id":2208,"date":"2024-10-20T19:01:28","date_gmt":"2024-10-20T19:01:28","guid":{"rendered":"https:\/\/www.autotechnik.pro\/?page_id=2208"},"modified":"2024-10-20T19:06:14","modified_gmt":"2024-10-20T19:06:14","slug":"serwis","status":"publish","type":"page","link":"https:\/\/www.autotechnik.pro\/en\/serwis\/","title":{"rendered":"Serwis"},"content":{"rendered":"<ul>\n<li>Po sprzeda\u017cy na bie\u017c\u0105co utrzymujemy kontakt z naszymi klientami poprzez komunikator przez Whatsapp informuj\u0105c ich o ca\u0142ym procesie transportu od za\u0142adunku po termin dostawy <\/li>\n<li>Because we know our cars well after sale, we offer our customers technical support<br \/>\nngg_shortcode_0_placeholder<\/li>\n<\/ul>","protected":false},"excerpt":{"rendered":"<p>Po sprzeda\u017cy na bie\u017c\u0105co utrzymujemy kontakt z naszymi klientami poprzez komunikator przez Whatsapp informuj\u0105c ich o ca\u0142ym procesie transportu od za\u0142adunku po termin dostawy Poniewa\u017c dobrze znamy nasze auta po sprzeda\u017cy oferujemy naszym klientom wsparcie techniczne<\/p>","protected":false},"author":1,"featured_media":0,"parent":0,"menu_order":0,"comment_status":"closed","ping_status":"closed","template":"","meta":{"om_disable_all_campaigns":false,"_monsterinsights_skip_tracking":false,"_monsterinsights_sitenote_active":false,"_monsterinsights_sitenote_note":"","_monsterinsights_sitenote_category":0,"ngg_post_thumbnail":0,"_joinchat":[],"footnotes":""},"class_list":["post-2208","page","type-page","status-publish","hentry"],"aioseo_notices":[],"_links":{"self":[{"href":"https:\/\/www.autotechnik.pro\/en\/wp-json\/wp\/v2\/pages\/2208","targetHints":{"allow":["GET"]}}],"collection":[{"href":"https:\/\/www.autotechnik.pro\/en\/wp-json\/wp\/v2\/pages"}],"about":[{"href":"https:\/\/www.autotechnik.pro\/en\/wp-json\/wp\/v2\/types\/page"}],"author":[{"embeddable":true,"href":"https:\/\/www.autotechnik.pro\/en\/wp-json\/wp\/v2\/users\/1"}],"replies":[{"embeddable":true,"href":"https:\/\/www.autotechnik.pro\/en\/wp-json\/wp\/v2\/comments?post=2208"}],"version-history":[{"count":3,"href":"https:\/\/www.autotechnik.pro\/en\/wp-json\/wp\/v2\/pages\/2208\/revisions"}],"predecessor-version":[{"id":2216,"href":"https:\/\/www.autotechnik.pro\/en\/wp-json\/wp\/v2\/pages\/2208\/revisions\/2216"}],"wp:attachment":[{"href":"https:\/\/www.autotechnik.pro\/en\/wp-json\/wp\/v2\/media?parent=2208"}],"curies":[{"name":"wp","href":"https:\/\/api.w.org\/{rel}","templated":true}]}}