{"id":152,"date":"2017-01-02T10:42:18","date_gmt":"2017-01-02T10:42:18","guid":{"rendered":"https:\/\/raratheme.com\/preview\/lawyer-landing-page\/?page_id=152"},"modified":"2024-02-10T21:27:22","modified_gmt":"2024-02-10T21:27:22","slug":"o-nas","status":"publish","type":"page","link":"https:\/\/www.autotechnik.pro\/en\/o-nas\/","title":{"rendered":"ABOUT US"},"content":{"rendered":"<p>The Auto Technik company has been operating on the market since 2018. Despite its relatively short history, it is a mature company that was built on the foundation of many years of experience and undying passion. Our work is the source of our joy and satisfaction. We do it with full commitment, and each car is equally important to us.<\/p>","protected":false},"excerpt":{"rendered":"<p>Firma&nbsp;Auto Technik&nbsp;funkcjonuje na rynku od 2018 roku. Mimo stosunkowo kr\u00f3tkiego sta\u017cu to dojrza\u0142a firma kt\u00f3ra zosta\u0142a zbudowana na fundamencie wieloletniego do\u015bwiadczenia i niegasn\u0105cej pasji. Nasza praca to \u017ar\u00f3d\u0142o naszej rado\u015bci i satysfakcji. Wykonujemy j\u0105 z pe\u0142nym zaanga\u017cowaniem, a ka\u017cde auto &hellip; <\/p>","protected":false},"author":1,"featured_media":0,"parent":0,"menu_order":0,"comment_status":"closed","ping_status":"closed","template":"","meta":{"om_disable_all_campaigns":false,"_monsterinsights_skip_tracking":false,"_monsterinsights_sitenote_active":false,"_monsterinsights_sitenote_note":"","_monsterinsights_sitenote_category":0,"ngg_post_thumbnail":0,"_joinchat":[],"footnotes":""},"class_list":["post-152","page","type-page","status-publish","hentry"],"aioseo_notices":[],"_links":{"self":[{"href":"https:\/\/www.autotechnik.pro\/en\/wp-json\/wp\/v2\/pages\/152","targetHints":{"allow":["GET"]}}],"collection":[{"href":"https:\/\/www.autotechnik.pro\/en\/wp-json\/wp\/v2\/pages"}],"about":[{"href":"https:\/\/www.autotechnik.pro\/en\/wp-json\/wp\/v2\/types\/page"}],"author":[{"embeddable":true,"href":"https:\/\/www.autotechnik.pro\/en\/wp-json\/wp\/v2\/users\/1"}],"replies":[{"embeddable":true,"href":"https:\/\/www.autotechnik.pro\/en\/wp-json\/wp\/v2\/comments?post=152"}],"version-history":[{"count":6,"href":"https:\/\/www.autotechnik.pro\/en\/wp-json\/wp\/v2\/pages\/152\/revisions"}],"predecessor-version":[{"id":696,"href":"https:\/\/www.autotechnik.pro\/en\/wp-json\/wp\/v2\/pages\/152\/revisions\/696"}],"wp:attachment":[{"href":"https:\/\/www.autotechnik.pro\/en\/wp-json\/wp\/v2\/media?parent=152"}],"curies":[{"name":"wp","href":"https:\/\/api.w.org\/{rel}","templated":true}]}}